{"id":3267,"date":"2019-08-27T11:22:49","date_gmt":"2019-08-27T02:22:49","guid":{"rendered":"https:\/\/kyodokk.co.jp\/seikanogyo\/?page_id=3267"},"modified":"2019-08-27T11:22:49","modified_gmt":"2019-08-27T02:22:49","slug":"item_010","status":"publish","type":"page","link":"https:\/\/kyodokk.co.jp\/seikanogyo\/product\/wrapping-paper\/item_010\/","title":{"rendered":"\u30d0\u30f3\u30d0\u30f3\u30d0\u30c3\u30b0\u30b7\u30ea\u30fc\u30ba"},"content":{"rendered":"<div class=\"center_img\">\n<noscript><img decoding=\"async\" src=\"https:\/\/kyodokk.co.jp\/seikanogyo\/system\/wp-content\/uploads\/2019\/08\/wrapping-paper_item_010_01.jpg\" alt><\/noscript><img decoding=\"async\" src=\"data:image\/gif;base64,R0lGODlhAQABAIAAAAAAAP\/\/\/yH5BAEAAAAALAAAAAABAAEAAAIBRAA7\" alt data-src=\"https:\/\/kyodokk.co.jp\/seikanogyo\/system\/wp-content\/uploads\/2019\/08\/wrapping-paper_item_010_01.jpg\" class=\" lazyload\">\n<\/div>\n<div class=\"papertray_text_three_flex\">\n<div class=\"papertray_text_three_flex_wrap\">\n<p>\u30a4\u30c1\u30b4\u30d0\u30f3\u30d0\u30f3<br>\u5c0f 494550<br>\u5927 494551<\/p>\n<\/div>\n<div class=\"papertray_text_three_flex_wrap\">\n<p>\u65b0\u30d0\u30f3\u30d0\u30f3\u30ed\u30a4\u30e4\u30eb<br>494558<\/p>\n<\/div>\n<div class=\"papertray_text_three_flex_wrap\">\n<p>\u30b9\u30ab\u30c3\u30c8\u30d0\u30c3\u30b0 \u7279\u5927<br>494556<\/p>\n<\/div>\n<\/div>\n<div class=\"tablescroll\">\n<table border=\"1\">\n<tr>\n<th>\u5546\u54c1\u30b3\u30fc\u30c9<\/th>\n<th>\u5546\u3000\u54c1\u3000\u540d<\/th>\n<th>\u30b5\u30a4\u30ba\/\u539a\u307f\u00d7\u5dfe\u00d7\u30de\u30c1\u00d7\u4e08(mm)<\/th>\n<th>P\u888b\u5165\u6570<\/th>\n<th>C\/S\u5165\u6570<\/th>\n<th>\u6750\u8cea<\/th>\n<th>\u91cd\u91cf(g)<\/th>\n<th>\u7528\u3000\u9014<\/th>\n<\/tr>\n<tr>\n<td>494550<\/td>\n<td>\u30a4\u30c1\u30b4\u30d0\u30f3\u30d0\u30f3 \u5c0f<\/td>\n<td>0.023\u00d7240\u00d760\u00d7250<\/td>\n<td>100<\/td>\n<td>2,000<\/td>\n<td>HDPE<\/td>\n<td>4.0<\/td>\n<td>\u82fa2\u30d1\u30c3\u30af\u7523\u5730\u7bb1\u7528<\/td>\n<\/tr>\n<tr>\n<td>494551<\/td>\n<td>\u30a4\u30c1\u30b4\u30d0\u30f3\u30d0\u30f3 \u5927<\/td>\n<td>0.028\u00d7320\u00d770\u00d7510<\/td>\n<td>100<\/td>\n<td>1,500<\/td>\n<td>HDPE<\/td>\n<td>13.2<\/td>\n<td>\u82fa4\u30d1\u30c3\u30af\u7523\u5730\u7bb1\u7528<\/td>\n<\/tr>\n<tr>\n<td>494558<\/td>\n<td>\u65b0\u30d0\u30f3\u30d0\u30f3\u30ed\u30a4\u30e4\u30eb<\/td>\n<td>0.05\u00d7280\u00d7140\u00d7560<\/td>\n<td>50<\/td>\n<td>500<\/td>\n<td>LD,HD<\/td>\n<td>30.2<\/td>\n<td>\u30ed\u30a4\u30e4\u30ebBOX\u7528<\/td>\n<\/tr>\n<tr>\n<td>494556<\/td>\n<td>\u30b9\u30ab\u30c3\u30c8\u30d0\u30c3\u30b0 \u7279\u5927<\/td>\n<td>0.05\u00d7320\u00d7120\u00d7700<\/td>\n<td>30<\/td>\n<td>300<\/td>\n<td>HDPE<\/td>\n<td>37.0<\/td>\n<td>\u30ed\u30a4\u30e4\u30eb3\u30f6\u5165\u30fb\u6843\u7523\u5730\u7bb1\u7528<\/td>\n<\/tr>\n<tr>\n<td>494552<\/td>\n<td>\u30d5\u30eb\u30fc\u30c4\u30d0\u30f3\u30d0\u30f3 \u5c0f<\/td>\n<td>0.022\u00d7310\u00d7\u30de\u30c1\u306a\u3057\u00d7400<\/td>\n<td>100<\/td>\n<td>1,500<\/td>\n<td>HDPE<\/td>\n<td>6.2<\/td>\n<td><\/td>\n<\/tr>\n<tr>\n<td>494553<\/td>\n<td>\u30d5\u30eb\u30fc\u30c4\u30d0\u30f3\u30d0\u30f3 \u4e2d<\/td>\n<td>0.025\u00d7300\u00d760\u00d7460<\/td>\n<td>100<\/td>\n<td>1,500<\/td>\n<td>HDPE<\/td>\n<td>9.2<\/td>\n<td><\/td>\n<\/tr>\n<tr>\n<td>494554<\/td>\n<td>\u30d5\u30eb\u30fc\u30c4\u30d0\u30f3\u30d0\u30f3 \u5927<\/td>\n<td>0.028\u00d7320\u00d775\u00d7510<\/td>\n<td>100<\/td>\n<td>1,500<\/td>\n<td>HDPE<\/td>\n<td>13.2<\/td>\n<td><\/td>\n<\/tr>\n<tr>\n<td>494557<\/td>\n<td>\u30d5\u30eb\u30fc\u30c4\u30d0\u30f3\u30d0\u30f3 \u7279\u5927<\/td>\n<td>0.033\u00d7320\u00d7150\u00d7710<\/td>\n<td>50<\/td>\n<td>500<\/td>\n<td>HDPE<\/td>\n<td>25.8<\/td>\n<td><\/td>\n<\/tr>\n<\/table>\n<\/div>\n","protected":false},"excerpt":{"rendered":"<p>\u30a4\u30c1\u30b4\u30d0\u30f3\u30d0\u30f3\u5c0f 494550\u5927 494551 \u65b0\u30d0\u30f3\u30d0\u30f3\u30ed\u30a4\u30e4\u30eb494558 \u30b9\u30ab\u30c3\u30c8\u30d0\u30c3\u30b0 \u7279\u5927494556 \u5546\u54c1\u30b3\u30fc\u30c9 \u5546\u3000\u54c1\u3000\u540d \u30b5\u30a4\u30ba\/\u539a\u307f\u00d7\u5dfe\u00d7\u30de\u30c1\u00d7\u4e08(mm) P\u888b\u5165\u6570 C\/S\u5165\u6570 \u6750\u8cea \u91cd\u91cf(g) \u7528\u3000\u9014&#8230;<\/p>\n","protected":false},"author":1,"featured_media":3244,"parent":3137,"menu_order":0,"comment_status":"closed","ping_status":"closed","template":"","meta":{"footnotes":""},"tags":[],"class_list":["post-3267","page","type-page","status-publish","has-post-thumbnail","article cf"],"aioseo_notices":[],"_links":{"self":[{"href":"https:\/\/kyodokk.co.jp\/seikanogyo\/wp-json\/wp\/v2\/pages\/3267","targetHints":{"allow":["GET"]}}],"collection":[{"href":"https:\/\/kyodokk.co.jp\/seikanogyo\/wp-json\/wp\/v2\/pages"}],"about":[{"href":"https:\/\/kyodokk.co.jp\/seikanogyo\/wp-json\/wp\/v2\/types\/page"}],"author":[{"embeddable":true,"href":"https:\/\/kyodokk.co.jp\/seikanogyo\/wp-json\/wp\/v2\/users\/1"}],"replies":[{"embeddable":true,"href":"https:\/\/kyodokk.co.jp\/seikanogyo\/wp-json\/wp\/v2\/comments?post=3267"}],"version-history":[{"count":5,"href":"https:\/\/kyodokk.co.jp\/seikanogyo\/wp-json\/wp\/v2\/pages\/3267\/revisions"}],"predecessor-version":[{"id":3272,"href":"https:\/\/kyodokk.co.jp\/seikanogyo\/wp-json\/wp\/v2\/pages\/3267\/revisions\/3272"}],"up":[{"embeddable":true,"href":"https:\/\/kyodokk.co.jp\/seikanogyo\/wp-json\/wp\/v2\/pages\/3137"}],"wp:featuredmedia":[{"embeddable":true,"href":"https:\/\/kyodokk.co.jp\/seikanogyo\/wp-json\/wp\/v2\/media\/3244"}],"wp:attachment":[{"href":"https:\/\/kyodokk.co.jp\/seikanogyo\/wp-json\/wp\/v2\/media?parent=3267"}],"wp:term":[{"taxonomy":"post_tag","embeddable":true,"href":"https:\/\/kyodokk.co.jp\/seikanogyo\/wp-json\/wp\/v2\/tags?post=3267"}],"curies":[{"name":"wp","href":"https:\/\/api.w.org\/{rel}","templated":true}]}}